{"id":43,"date":"2018-11-01T16:29:19","date_gmt":"2018-11-01T15:29:19","guid":{"rendered":"http:\/\/yvesmolletpeintre.fr\/?page_id=43"},"modified":"2024-02-25T19:19:23","modified_gmt":"2024-02-25T18:19:23","slug":"presentation","status":"publish","type":"page","link":"https:\/\/yvesmolletpeintre.fr\/index.php\/presentation\/","title":{"rendered":"Pr\u00e9sentation &#8211; About"},"content":{"rendered":"\t\t<div data-elementor-type=\"wp-post\" data-elementor-id=\"43\" class=\"elementor elementor-43\">\n\t\t\t\t\t\t<section class=\"elementor-section elementor-top-section elementor-element elementor-element-58a6baf elementor-section-boxed elementor-section-height-default elementor-section-height-default\" data-id=\"58a6baf\" data-element_type=\"section\" data-e-type=\"section\">\n\t\t\t\t\t\t<div class=\"elementor-container elementor-column-gap-default\">\n\t\t\t\t\t<div class=\"elementor-column elementor-col-100 elementor-top-column elementor-element elementor-element-4ea4c12\" data-id=\"4ea4c12\" data-element_type=\"column\" data-e-type=\"column\">\n\t\t\t<div class=\"elementor-widget-wrap elementor-element-populated\">\n\t\t\t\t\t\t<div class=\"elementor-element elementor-element-1619008 elementor-widget elementor-widget-text-editor\" data-id=\"1619008\" data-element_type=\"widget\" data-e-type=\"widget\" data-widget_type=\"text-editor.default\">\n\t\t\t\t\t\t\t\t\t<p>\u00a0<\/p><table width=\"544\"><tbody><tr><td width=\"211\"><p><img decoding=\"async\" class=\"alignnone wp-image-533\" src=\"http:\/\/yvesmolletpeintre.fr\/wp-content\/uploads\/2018\/11\/babu.jpg\" alt=\"\" width=\"204\" height=\"228\" \/><\/p><p>\u00a0<\/p><p>Yves Mollet was born in 1945. T<span style=\"font-size: 14px;\">he family followed his father&rsquo;s multiple posts around France, which offered the child a variety of landscapes, flavours, architectures, lights and colours. He will keep a thirst for simple but authentic discoveries.<\/span><\/p><p>Since he was six years old, he constantly seeked to satisfy a need for expression, through all forms of drawing and graphism. After secondary school, he first joined the National Academy of Fine Arts in Nancy, then the Arts School of Strasbourg, where he found fulfilment when discovering the life model, the culmination in the art of (drawing) rendering light, plastic and emotion.\u00a0He then moved to engraving and painting. At the Rouen School of Art, he passes, with top honours, his National Degree of Fine Arts in 1969, after working with four prestigious masters : Ren\u00e9 Leleu, Robert Savary, Jacques Ramondot and Jean Lesage.He completed his training in the Paris studios of the architect Jean Brasilier, First Rome Prize, and of Jacques Quinet, an internationally recogognized interior architect. He spent the year of 1970 in Rouen, as studio head of an interior architecture agency.<\/p><p>In 1971, he moved the south west of France and opened his own interior architecture agency, which developed very rapidly and successfully, leaving less and less time to indulge his artistic passions, although he\u00a0never quite stopped practising. Not only 2011, was he able to focus entirely on his artistic passion. Since then, he has\u00a0constantly\u00a0been seeking to draw and paint, to express himself and share the look he takes on the world around him. He spent long periods of time, in total immersion, in England and San Francisco, to discover several Academies of Art where he worked assiduously.<\/p><p>After several years of work in his own studio, he\u00a0exhibited three times at the Paris Grand Palais\u00a0 :<em>\u00a0Salon des Ind\u00e9pendants<\/em>\u00a0in 2015, Salon of Watercolour and Drawing , Salon des Artistes Fran\u00e7ais in 2017.<\/p><p>In 2018, another exhibition in the Autumn Salon on the Champs Elys\u00e9es, Paris, then in Biarritz, France and in Mont de Marsan, his town of residence,\u00a0 toward the end of 2018.<\/p><p>In 2019 another exibition at the\u00a0 \u00ab\u00a0Salon des Beaux Arts\u00a0\u00bb at the Paris \u00ab\u00a0Carrousel du Louvre\u00a0\u00bb, and in a temporary galllery in Mont de Marsan<\/p><p>Yves Mollet is a member of the Taylor Foundation.<\/p><\/td><td width=\"28\">\u00a0<\/td><td width=\"305\"><p><span style=\"font-size: 14px;\">Yves Mollet est n\u00e9 en 1945. <\/span><span style=\"font-size: 14px;\">Au gr\u00e9 des mutations de son p\u00e8re, il parcourt une grande partie de l\u2019Hexagone avec ses multiples terroirs, ses paysages, ses odeurs, ses architectures, ses couleurs et ses lumi\u00e8res si particuli\u00e8res. De l\u00e0, na\u00eetra une soif de d\u00e9couvertes souvent simples mais toujours authentiques.<\/span><\/p><p>D\u00e8s l\u2019\u00e2ge de six ans, il n\u2019a de cesse de compl\u00e9ter son besoin d\u2019expression par toutes formes de dessin et autres graphismes. Apr\u00e8s ses \u00e9tudes secondaires, Il est re\u00e7u au concours d\u2019entr\u00e9e \u00e0 l\u2019Ecole Nationale des Beaux Arts de Nancy puis partira aux Arts D\u00e9coratifs de Strasbourg. Il s\u2019y \u00e9panouira pleinement d\u00e9couvrant tr\u00e8s vite le mod\u00e8le vivant, summum de l\u2019art du dessin dans l\u2019\u00e9motion, la lumi\u00e8re et la plastique. Son \u00e9volution le pousse alors vers la gravure et la peinture.Puis revenant \u00e0 ses d\u00e9couvertes d\u2019enfant, il se passionne \u00e0 nouveau pour l\u2019architecture en y alliant la sensibilit\u00e9 des couleurs et des mat\u00e9riaux. A l\u2019\u00e9cole des Beaux Arts de Rouen, au contact de ma\u00eetres prestigieux\u00a0: Messieurs Leleu, Savary, Ramondot\u00a0, Lesage, il passe en 1969 son Dipl\u00f4me Nationald \u2019Architecture Int\u00e9rieure et est re\u00e7u major avec f\u00e9licitations du jury. Il parfait sa formation \u00e0 Paris aux ateliers de Monsieur Brasilier Architecte, Premier Grand Prix de Rome et de Monsieur Quinet, Architecte d\u2019Int\u00e9rieur internationalement reconnu. L\u2019ann\u00e9e 1970 \u00a0 se passera \u00e0 Rouen o\u00f9 il est chef d \u2018une agence d\u2019architecture int\u00e9rieure.<\/p><p>En 1971, il part s\u2019installer dans le Sud Ouest de la France, \u00e0 Mont de Marsan. Il ne quittera plus cette r\u00e9gion. Il cr\u00e9e sa propre agence qui, tr\u00e8s rapidement, conna\u00eetra le succ\u00e8s ne lui laissant que peu de temps pour assouvir ses passions purement artistiques qu\u2019il poursuivra n\u00e9anmoins. Ce n\u2019est qu\u2019en 2011, qu\u2019il revient compl\u00e8tement \u00e0 sa passion.D\u00e8s lors, il n\u2019a de cesse de dessiner, de peindre, de s\u2019exprimer et de faire partager son regard sur ce monde qui l\u2019entoure. Il part en Cornouailles puis \u00e0 San Francisco, en immersion totale pour d\u00e9couvrir plusieurs acad\u00e9mies de peinture o\u00f9 il travaille assidument.<\/p><p>Apr\u00e8s plusieurs ann\u00e9es dans son atelier, il expose au Grand Palais\u00a0\u00e0 Paris: en 2015 au Salon des Ind\u00e9pendants, en 2017 au Salon des Artistes Fran\u00e7ais et au Salon de la peinture \u00e0 l\u2019eau et du dessin.<\/p><p>En 2018, il expose au Salon d\u2019Automne aux Champs Elys\u00e9es \u00e0 Paris, puis \u00e0 Biarritz et \u00e0 Mont de Marsan en fin d\u2019ann\u00e9e.<\/p><p>En 2019, il expose au Salon des Beaux Arts au Carrousel du Louvre \u00e0 Paris et \u00e0 la galerie \u00e9phem\u00e8re de Mont de Marsan.<\/p><p>Yves Mollet est membre de la Fondation Taylor.<\/p><\/td><\/tr><\/tbody><\/table><div>\u00a0<\/div><div>\u00a0<\/div><div>\u00a0<\/div>\t\t\t\t\t\t\t\t<\/div>\n\t\t\t\t\t<\/div>\n\t\t<\/div>\n\t\t\t\t\t<\/div>\n\t\t<\/section>\n\t\t\t\t<section class=\"elementor-section elementor-top-section elementor-element elementor-element-f9b2c62 elementor-section-boxed elementor-section-height-default elementor-section-height-default\" data-id=\"f9b2c62\" data-element_type=\"section\" data-e-type=\"section\">\n\t\t\t\t\t\t<div class=\"elementor-container elementor-column-gap-default\">\n\t\t\t\t\t<div class=\"elementor-column elementor-col-100 elementor-top-column elementor-element elementor-element-66e1430\" data-id=\"66e1430\" data-element_type=\"column\" data-e-type=\"column\">\n\t\t\t<div class=\"elementor-widget-wrap elementor-element-populated\">\n\t\t\t\t\t\t<div class=\"elementor-element elementor-element-37a4a63 elementor-widget elementor-widget-image\" data-id=\"37a4a63\" data-element_type=\"widget\" data-e-type=\"widget\" data-widget_type=\"image.default\">\n\t\t\t\t\t\t\t\t\t\t\t\t\t\t\t<img fetchpriority=\"high\" decoding=\"async\" width=\"734\" height=\"1024\" src=\"https:\/\/yvesmolletpeintre.fr\/wp-content\/uploads\/2024\/02\/Toutes-les-photos-1-sur-1-917x1024.jpeg\" class=\"attachment-large size-large wp-image-1144\" alt=\"\" srcset=\"https:\/\/yvesmolletpeintre.fr\/wp-content\/uploads\/2024\/02\/Toutes-les-photos-1-sur-1-917x1024.jpeg 733.6w, https:\/\/yvesmolletpeintre.fr\/wp-content\/uploads\/2024\/02\/Toutes-les-photos-1-sur-1-300x300.jpeg 214.921875w, https:\/\/yvesmolletpeintre.fr\/wp-content\/uploads\/2024\/02\/Toutes-les-photos-1-sur-1-768x1072.jpeg 768w, https:\/\/yvesmolletpeintre.fr\/wp-content\/uploads\/2024\/02\/Toutes-les-photos-1-sur-1.jpeg 917w\" sizes=\"(max-width: 734px) 100vw, 734px\" \/>\t\t\t\t\t\t\t\t\t\t\t\t\t\t\t<\/div>\n\t\t\t\t\t<\/div>\n\t\t<\/div>\n\t\t\t\t\t<\/div>\n\t\t<\/section>\n\t\t\t\t<\/div>\n\t\t","protected":false},"excerpt":{"rendered":"<p>\u00a0 \u00a0 Yves Mollet was born in 1945. The family followed his father&rsquo;s multiple posts around France, which offered the child a variety of landscapes, flavours, architectures, lights and colours. He will keep a thirst for simple but authentic discoveries. Since he was six years old, he constantly seeked to satisfy a need for expression, [&hellip;]<\/p>\n","protected":false},"author":1,"featured_media":0,"parent":0,"menu_order":0,"comment_status":"closed","ping_status":"closed","template":"","meta":{"footnotes":""},"class_list":["post-43","page","type-page","status-publish","hentry","entry"],"_links":{"self":[{"href":"https:\/\/yvesmolletpeintre.fr\/index.php\/wp-json\/wp\/v2\/pages\/43","targetHints":{"allow":["GET"]}}],"collection":[{"href":"https:\/\/yvesmolletpeintre.fr\/index.php\/wp-json\/wp\/v2\/pages"}],"about":[{"href":"https:\/\/yvesmolletpeintre.fr\/index.php\/wp-json\/wp\/v2\/types\/page"}],"author":[{"embeddable":true,"href":"https:\/\/yvesmolletpeintre.fr\/index.php\/wp-json\/wp\/v2\/users\/1"}],"replies":[{"embeddable":true,"href":"https:\/\/yvesmolletpeintre.fr\/index.php\/wp-json\/wp\/v2\/comments?post=43"}],"version-history":[{"count":24,"href":"https:\/\/yvesmolletpeintre.fr\/index.php\/wp-json\/wp\/v2\/pages\/43\/revisions"}],"predecessor-version":[{"id":1159,"href":"https:\/\/yvesmolletpeintre.fr\/index.php\/wp-json\/wp\/v2\/pages\/43\/revisions\/1159"}],"wp:attachment":[{"href":"https:\/\/yvesmolletpeintre.fr\/index.php\/wp-json\/wp\/v2\/media?parent=43"}],"curies":[{"name":"wp","href":"https:\/\/api.w.org\/{rel}","templated":true}]}}